{"id":43,"date":"2024-08-20T21:21:57","date_gmt":"2024-08-20T19:21:57","guid":{"rendered":"https:\/\/audio.zaidan-cloud.net\/?page_id=43"},"modified":"2025-10-08T18:29:30","modified_gmt":"2025-10-08T16:29:30","slug":"aufgaben","status":"publish","type":"page","link":"https:\/\/migrationsbeirat-halle.com\/?page_id=43","title":{"rendered":"Wo wir aktiv sind"},"content":{"rendered":"\n<h2 class=\"wp-block-heading\">Wo wir aktiv sind<\/h2>\n\n\n\n<figure class=\"wp-block-gallery has-nested-images columns-default is-cropped wp-block-gallery-1 is-layout-flex wp-block-gallery-is-layout-flex\">\n<figure class=\"wp-block-image size-large\"><img loading=\"lazy\" decoding=\"async\" width=\"2560\" height=\"1921\" data-id=\"162\" src=\"https:\/\/audio.zaidan-cloud.net\/wp-content\/uploads\/2024\/09\/pexels-thirdman-5257574-edited-scaled.jpg\" alt=\"\" class=\"wp-image-162\" srcset=\"https:\/\/migrationsbeirat-halle.com\/wp-content\/uploads\/2024\/09\/pexels-thirdman-5257574-edited-scaled.jpg 2560w, https:\/\/migrationsbeirat-halle.com\/wp-content\/uploads\/2024\/09\/pexels-thirdman-5257574-edited-300x225.jpg 300w, https:\/\/migrationsbeirat-halle.com\/wp-content\/uploads\/2024\/09\/pexels-thirdman-5257574-edited-1024x769.jpg 1024w, https:\/\/migrationsbeirat-halle.com\/wp-content\/uploads\/2024\/09\/pexels-thirdman-5257574-edited-768x576.jpg 768w, https:\/\/migrationsbeirat-halle.com\/wp-content\/uploads\/2024\/09\/pexels-thirdman-5257574-edited-1536x1153.jpg 1536w, https:\/\/migrationsbeirat-halle.com\/wp-content\/uploads\/2024\/09\/pexels-thirdman-5257574-edited-2048x1537.jpg 2048w\" sizes=\"auto, (max-width: 2560px) 100vw, 2560px\" \/><\/figure>\n<\/figure>\n\n\n\n<p>Der Migrationsbeirat der Stadt Halle (Saale) ist aktiv in verschiedenen Netzwerken und Gremien, um die Interessen von Menschen mit Migrationshintergrund auf unterschiedlichen Ebenen zu vertreten. Durch die Teilnahme an diesen Netzwerken tr\u00e4gt der Beirat ma\u00dfgeblich zur Integration und F\u00f6rderung des gesellschaftlichen Miteinanders bei. Hier eine kurze Beschreibung der wichtigsten Aktivit\u00e4ten:<\/p>\n\n\n\n<h3 class=\"wp-block-heading\"><a href=\"https:\/\/halle.de\/leben-in-halle\/migration-und-integration\">FG Arbeit<\/a><\/h3>\n\n\n\n<p>Die Fachgruppe Arbeit setzt sich f\u00fcr die Verbesserung der Arbeitsmarktintegration von Menschen mit Migrationshintergrund ein. Dabei arbeiten Waseem Aleed und Carlos Eduardo da Silva Almeida\u00a0 eng mit lokalen Arbeitsagenturen und Jobcentern zusammen, um den Zugang zu Besch\u00e4ftigung und die Anerkennung ausl\u00e4ndischer Qualifikationen zu f\u00f6rdern\u200b.<\/p>\n\n\n\n<h3 class=\"wp-block-heading\"><a href=\"https:\/\/halle.de\/leben-in-halle\/migration-und-integration\/deutsch-lernen\">FG Deutsch<\/a><\/h3>\n\n\n\n<p>Hier liegt der Fokus auf der sprachlichen Integration. Dr. Bettina Zargini engagiert sich insbesondere daf\u00fcr, dass Migrantinnen und Migranten Zugang zu Sprachkursen und Bildungsangeboten haben, die f\u00fcr eine erfolgreiche Integration in das Berufs- und Alltagsleben unerl\u00e4sslich sind\u200b.<\/p>\n\n\n\n<h3 class=\"wp-block-heading\"><a href=\"https:\/\/halle.de\/leben-in-halle\/migration-und-integration\/dienstleistungszentrum-integration-und-demokratie\">FG Gesellschaftliches Leben, Kultur, Freizeit, Gesundheit und Sport<\/a><\/h3>\n\n\n\n<p>Dr. Bettina Zargini und Maryna Amstyslavska vertreten in dieser Fachgruppe die Interessen von Migranten in den Bereichen Gesundheit, Kultur und Freizeit. Sie organisieren kulturelle Veranstaltungen und setzen sich f\u00fcr interkulturelle Verst\u00e4ndigung sowie die gesundheitliche Versorgung von Migranten ein.<\/p>\n\n\n\n<h3 class=\"wp-block-heading\"><a href=\"https:\/\/halle.de\/verwaltung-stadtrat\/stadtverwaltung\/geschaeftsbereich-oberbuergermeister\/dienstleistungszentrum-integration-und-demokratie\/fachstelle-extremismus-und-gewaltpraevention-praeventionsrat\/praeventionsrat-der-stadt-halle-saale\">Pr\u00e4ventionsrat der Stadt Halle (Saale)<\/a><\/h3>\n\n\n\n<p>Tetiana \u00c2roslavivna Wagner und Dr. Tarek Ali engagieren sich im Pr\u00e4ventionsrat f\u00fcr Ma\u00dfnahmen gegen Rassismus und Gewalt. Sie f\u00f6rdern den interkulturellen Dialog und setzen sich aktiv f\u00fcr ein tolerantes Miteinander in Halle ein\u200b.<\/p>\n\n\n\n<h3 class=\"wp-block-heading\"><a href=\"https:\/\/bzi-bundesintegrationsrat.de\/\">Bundeszuwanderungs- und Integrationsrat<\/a><\/h3>\n\n\n\n<p>Waseem Aleed vertritt die Interessen des Migrationsbeirats auf bundesweiter Ebene. Im Rahmen des Bundeszuwanderungs- und Integrationsrats setzt sie sich f\u00fcr eine st\u00e4rkere politische Vertretung von Migrantinnen und Migranten auf Landes- und Bundesebene ein.<\/p>\n\n\n\n<h3 class=\"wp-block-heading\"><a href=\"https:\/\/www.rundertisch-sachsenanhalt.de\/\">Runder Tisch gegen Ausl\u00e4nderfeindlichkeit Sachsen Anhalt <\/a><\/h3>\n\n\n\n<p>Alina Khamitova und Maryna Amstyslavska sind aktive Mitglieder des Runden Tisches gegen Ausl\u00e4nderfeindlichkeit, der Strategien zur Bek\u00e4mpfung von Diskriminierung und Fremdenfeindlichkeit entwickelt. Hier arbeiten sie mit zivilgesellschaftlichen Akteuren und st\u00e4dtischen Einrichtungen zusammen\u200b<\/p>\n\n\n\n<p>Diese vielf\u00e4ltigen Aktivit\u00e4ten zeigen, wie der Migrationsbeirat aktiv zur St\u00e4rkung der Integration und zur Bek\u00e4mpfung von Diskriminierung in Halle beitr\u00e4gt.<\/p>\n","protected":false},"excerpt":{"rendered":"<p>Wo wir aktiv sind Der Migrationsbeirat der Stadt Halle (Saale) ist aktiv in verschiedenen Netzwerken und Gremien, um die Interessen von Menschen mit Migrationshintergrund auf unterschiedlichen Ebenen zu vertreten. Durch die Teilnahme an diesen Netzwerken tr\u00e4gt der Beirat ma\u00dfgeblich zur Integration und F\u00f6rderung des gesellschaftlichen Miteinanders bei. Hier eine kurze Beschreibung der wichtigsten Aktivit\u00e4ten: FG [&hellip;]<\/p>\n","protected":false},"author":1,"featured_media":0,"parent":0,"menu_order":0,"comment_status":"closed","ping_status":"closed","template":"","meta":{"footnotes":""},"class_list":["post-43","page","type-page","status-publish","hentry"],"_links":{"self":[{"href":"https:\/\/migrationsbeirat-halle.com\/index.php?rest_route=\/wp\/v2\/pages\/43","targetHints":{"allow":["GET"]}}],"collection":[{"href":"https:\/\/migrationsbeirat-halle.com\/index.php?rest_route=\/wp\/v2\/pages"}],"about":[{"href":"https:\/\/migrationsbeirat-halle.com\/index.php?rest_route=\/wp\/v2\/types\/page"}],"author":[{"embeddable":true,"href":"https:\/\/migrationsbeirat-halle.com\/index.php?rest_route=\/wp\/v2\/users\/1"}],"replies":[{"embeddable":true,"href":"https:\/\/migrationsbeirat-halle.com\/index.php?rest_route=%2Fwp%2Fv2%2Fcomments&post=43"}],"version-history":[{"count":16,"href":"https:\/\/migrationsbeirat-halle.com\/index.php?rest_route=\/wp\/v2\/pages\/43\/revisions"}],"predecessor-version":[{"id":332,"href":"https:\/\/migrationsbeirat-halle.com\/index.php?rest_route=\/wp\/v2\/pages\/43\/revisions\/332"}],"wp:attachment":[{"href":"https:\/\/migrationsbeirat-halle.com\/index.php?rest_route=%2Fwp%2Fv2%2Fmedia&parent=43"}],"curies":[{"name":"wp","href":"https:\/\/api.w.org\/{rel}","templated":true}]}}