{"id":40,"date":"2024-08-20T21:21:14","date_gmt":"2024-08-20T19:21:14","guid":{"rendered":"https:\/\/audio.zaidan-cloud.net\/?page_id=40"},"modified":"2024-09-07T00:46:37","modified_gmt":"2024-09-06T22:46:37","slug":"satzung","status":"publish","type":"page","link":"https:\/\/migrationsbeirat-halle.com\/?page_id=40","title":{"rendered":"Satzung und Wahlordnung des Migrationsbeirates der Stadt Halle (Saale)"},"content":{"rendered":"\n<h2 class=\"wp-block-heading\">Satzung und Wahlordnung des Migrationsbeirates der Stadt Halle (Saale)<\/h2>\n\n\n\n<figure class=\"wp-block-image size-large\"><img decoding=\"async\" src=\"https:\/\/dubisthalle.de\/wp-content\/uploads\/2022\/10\/WhatsApp-Image-2022-10-13-at-17.29.27.jpeg\" alt=\"\"\/><\/figure>\n\n\n\n<p>Mit gro\u00dfer Unterst\u00fctzung aller politischen Parteien und im Sinne der F\u00f6rderung einer vielf\u00e4ltigen und integrativen Stadtgesellschaft, wurde der <strong>Ausl\u00e4nderbeirat<\/strong> im Oktober 2022 offiziell in <strong>Migrationsbeirat<\/strong> umbenannt. Diese Umbenennung markiert einen bedeutenden Schritt hin zu einer gerechteren Repr\u00e4sentation aller Menschen mit Migrationshintergrund in Halle (Saale).<\/p>\n\n\n\n<p>Am <strong>31. Mai 2023<\/strong> wurden sowohl die <strong>Satzung<\/strong> als auch die <strong>Wahlordnung<\/strong> des Migrationsbeirates verabschiedet. Sie bieten nun einen klaren rechtlichen Rahmen, um die Partizipation dieser Bev\u00f6lkerungsgruppe in der st\u00e4dtischen Politik zu st\u00e4rken.<\/p>\n\n\n\n<h3 class=\"wp-block-heading\"><strong>Schwerpunkte der \u00c4nderungen:<\/strong><\/h3>\n\n\n\n<ul class=\"wp-block-list\">\n<li><strong>Erweiterung des Wahlrechts<\/strong>: Mehr Menschen k\u00f6nnen nun an der Wahl des Migrationsbeirates teilnehmen.<\/li>\n\n\n\n<li><strong>St\u00e4rkung der politischen Teilhabe<\/strong>: Menschen mit Migrationsgeschichte, unabh\u00e4ngig von ihrer Staatsangeh\u00f6rigkeit, werden aktiv in die st\u00e4dtische Entscheidungsfindung eingebunden.<\/li>\n\n\n\n<li><strong>Sprachliche und geschlechtergerechte Anpassung<\/strong>: Die Satzung und Wahlordnung wurden modernisiert, um die Gleichstellung und Integration zu f\u00f6rdern.<\/li>\n<\/ul>\n\n\n\n<p>Die vollst\u00e4ndige <strong>Satzung<\/strong> und <strong>Wahlordnung<\/strong> finden Sie hier:<\/p>\n\n\n\n<p><\/p>\n\n\n\n<p><a href=\"https:\/\/halle.de\/fileadmin\/Binaries\/Verwaltung\/Stadtpolitik_und_Ortsrecht\/Satzungen_und_Verordnungen\/GB_OB\/DLZ_Integration_und_Demokratie\/SR_109-1_Migrationsbeirat.pdf\" class=\"link-download\" target=\"_blank\" rel=\"noreferrer noopener\">Satzung des Migrationsbeirates der Stadt Halle (Saale) vom 31. Mai 2023<\/a><\/p>\n\n\n\n<p><\/p>\n\n\n\n<p><a href=\"https:\/\/halle.de\/fileadmin\/Binaries\/Verwaltung\/Stadtpolitik_und_Ortsrecht\/Satzungen_und_Verordnungen\/GB_OB\/DLZ_Integration_und_Demokratie\/SR_132-0_Wahlordnung_Migrationsbeirat.pdf\" class=\"link-download\" target=\"_blank\" rel=\"noreferrer noopener\">Wahlordnung zur Wahl des Migrationsbeirates der Stadt Halle (Saale) vom 31. Mai 2023<\/a><\/p>\n","protected":false},"excerpt":{"rendered":"<p>Satzung und Wahlordnung des Migrationsbeirates der Stadt Halle (Saale) Mit gro\u00dfer Unterst\u00fctzung aller politischen Parteien und im Sinne der F\u00f6rderung einer vielf\u00e4ltigen und integrativen Stadtgesellschaft, wurde der Ausl\u00e4nderbeirat im Oktober 2022 offiziell in Migrationsbeirat umbenannt. Diese Umbenennung markiert einen bedeutenden Schritt hin zu einer gerechteren Repr\u00e4sentation aller Menschen mit Migrationshintergrund in Halle (Saale). Am 31. [&hellip;]<\/p>\n","protected":false},"author":1,"featured_media":0,"parent":0,"menu_order":0,"comment_status":"closed","ping_status":"closed","template":"","meta":{"footnotes":""},"class_list":["post-40","page","type-page","status-publish","hentry"],"_links":{"self":[{"href":"https:\/\/migrationsbeirat-halle.com\/index.php?rest_route=\/wp\/v2\/pages\/40","targetHints":{"allow":["GET"]}}],"collection":[{"href":"https:\/\/migrationsbeirat-halle.com\/index.php?rest_route=\/wp\/v2\/pages"}],"about":[{"href":"https:\/\/migrationsbeirat-halle.com\/index.php?rest_route=\/wp\/v2\/types\/page"}],"author":[{"embeddable":true,"href":"https:\/\/migrationsbeirat-halle.com\/index.php?rest_route=\/wp\/v2\/users\/1"}],"replies":[{"embeddable":true,"href":"https:\/\/migrationsbeirat-halle.com\/index.php?rest_route=%2Fwp%2Fv2%2Fcomments&post=40"}],"version-history":[{"count":13,"href":"https:\/\/migrationsbeirat-halle.com\/index.php?rest_route=\/wp\/v2\/pages\/40\/revisions"}],"predecessor-version":[{"id":207,"href":"https:\/\/migrationsbeirat-halle.com\/index.php?rest_route=\/wp\/v2\/pages\/40\/revisions\/207"}],"wp:attachment":[{"href":"https:\/\/migrationsbeirat-halle.com\/index.php?rest_route=%2Fwp%2Fv2%2Fmedia&parent=40"}],"curies":[{"name":"wp","href":"https:\/\/api.w.org\/{rel}","templated":true}]}}