{"id":35,"date":"2024-08-20T21:19:02","date_gmt":"2024-08-20T19:19:02","guid":{"rendered":"https:\/\/audio.zaidan-cloud.net\/?page_id=35"},"modified":"2025-10-08T18:36:13","modified_gmt":"2025-10-08T16:36:13","slug":"ueber-uns","status":"publish","type":"page","link":"https:\/\/migrationsbeirat-halle.com\/?page_id=35","title":{"rendered":"\u00dcber uns"},"content":{"rendered":"\n<p><\/p>\n\n\n\n<p><\/p>\n\n\n\n<p><\/p>\n\n\n\n<p><\/p>\n\n\n\n<figure class=\"wp-block-image size-full is-resized\"><img loading=\"lazy\" decoding=\"async\" width=\"1024\" height=\"1024\" src=\"https:\/\/audio.zaidan-cloud.net\/wp-content\/uploads\/2024\/09\/1ad6a2cd-18bd-477a-87ec-ff29fb1c2862-1.webp\" alt=\"\" class=\"wp-image-198\" style=\"width:840px;height:auto\" srcset=\"https:\/\/migrationsbeirat-halle.com\/wp-content\/uploads\/2024\/09\/1ad6a2cd-18bd-477a-87ec-ff29fb1c2862-1.webp 1024w, https:\/\/migrationsbeirat-halle.com\/wp-content\/uploads\/2024\/09\/1ad6a2cd-18bd-477a-87ec-ff29fb1c2862-1-300x300.webp 300w, https:\/\/migrationsbeirat-halle.com\/wp-content\/uploads\/2024\/09\/1ad6a2cd-18bd-477a-87ec-ff29fb1c2862-1-150x150.webp 150w, https:\/\/migrationsbeirat-halle.com\/wp-content\/uploads\/2024\/09\/1ad6a2cd-18bd-477a-87ec-ff29fb1c2862-1-768x768.webp 768w\" sizes=\"auto, (max-width: 1024px) 100vw, 1024px\" \/><\/figure>\n\n\n\n<p>Der Migrationsbeirat der Stadt Halle (Saale) wurde am 3. August 1999 gegr\u00fcndet und vertritt die Interessen der Migrantinnen und Migranten. Unser Gremium besteht aus sieben stimmberechtigten Mitgliedern, die f\u00fcr vier Jahre gew\u00e4hlt werden. Wir setzen uns f\u00fcr die rechtliche, wirtschaftliche und soziale Gleichstellung aller Einwohnerinnen und Einwohner mit Migrationshintergrund ein.<\/p>\n\n\n\n<p>Wir f\u00f6rdern Integration durch politische Teilhabe und Vernetzung. Unsere Arbeit konzentriert sich darauf, den Dialog zwischen Migranten, der Stadtverwaltung und verschiedenen Organisationen zu st\u00e4rken. Durch regelm\u00e4\u00dfige Treffen, Ausschusssitzungen und Netzwerkarbeit gestalten wir aktiv das Zusammenleben in Halle.<\/p>\n\n\n\n<p><strong>Unsere Aufgaben<\/strong><\/p>\n\n\n\n<ul class=\"wp-block-list\">\n<li><strong>Politische Vertretung<\/strong>: Teilnahme an Stadtratssitzungen und enge Zusammenarbeit mit der Stadtverwaltung.<\/li>\n\n\n\n<li><strong>F\u00f6rderung von Integration<\/strong>: Initiativen zur St\u00e4rkung der Chancengleichheit in Bildung und Arbeit.<\/li>\n\n\n\n<li><strong>Pr\u00e4vention von Diskriminierung<\/strong>: Aktives Engagement gegen Rassismus und f\u00fcr Inklusion.<\/li>\n<\/ul>\n\n\n\n<p><strong>Unser Team<\/strong><\/p>\n\n\n\n<ul class=\"wp-block-list\">\n<li><strong>Vorsitzender<\/strong>: <strong>Waseem Aleed<\/strong>\u00a0<\/li>\n\n\n\n<li><strong>Stellvertretende Vorsitzende<\/strong>: <strong>Carlos Eduardo da Silva Almeida<\/strong>, <strong>Dr. Bettina Zargini<\/strong>\u00a0<\/li>\n\n\n\n<li><strong>Schatzmeister<\/strong>: <strong>Abukar Ismail Bashir<\/strong><\/li>\n\n\n\n<li><strong>Dr. Tarek Ali<\/strong><\/li>\n\n\n\n<li><strong>Alina Khamitova<\/strong><\/li>\n\n\n\n<li><strong>Maryna Amstyslavska<\/strong><\/li>\n\n\n\n<li><strong>Alaa Alrefaie<\/strong><\/li>\n\n\n\n<li><strong>Tetiana \u00c2roslavivna Wagner<\/strong><\/li>\n<\/ul>\n\n\n\n<p><strong>Netzwerke und Kooperationen<\/strong><\/p>\n\n\n\n<p>Wir arbeiten eng mit zahlreichen Netzwerken und Initiativen zusammen, darunter:<\/p>\n\n\n\n<ul class=\"wp-block-list\">\n<li>Verband der Migrantenorganisationen Halle e.V. (VEMO e.V.)<\/li>\n\n\n\n<li>Arbeitsgruppe \u201eH\u00e4usliche Gewalt gegen Frauen\u201c<\/li>\n\n\n\n<li>Interkulturelle Woche Halle (Saale)<\/li>\n\n\n\n<li>Bundeszuwanderungs- und Integrationsrat<\/li>\n\n\n\n<li>Bundesforum gegen Rassismus<\/li>\n\n\n\n<li>B\u00fcndnis f\u00fcr Zuwanderung und Integration in Sachsen-Anhalt e.V.<\/li>\n<\/ul>\n\n\n\n<h3 class=\"wp-block-heading\"><a href=\"https:\/\/www.auslaenderbeirat-halle.de\/resources\/Faltblatt_ALB_2018.pdf\" target=\"_blank\" rel=\"noreferrer noopener\">Informationen im aktuellen Faltblatt 2018<\/a><\/h3>\n","protected":false},"excerpt":{"rendered":"<p>Der Migrationsbeirat der Stadt Halle (Saale) wurde am 3. August 1999 gegr\u00fcndet und vertritt die Interessen der Migrantinnen und Migranten. Unser Gremium besteht aus sieben stimmberechtigten Mitgliedern, die f\u00fcr vier Jahre gew\u00e4hlt werden. Wir setzen uns f\u00fcr die rechtliche, wirtschaftliche und soziale Gleichstellung aller Einwohnerinnen und Einwohner mit Migrationshintergrund ein. Wir f\u00f6rdern Integration durch politische [&hellip;]<\/p>\n","protected":false},"author":1,"featured_media":0,"parent":0,"menu_order":0,"comment_status":"closed","ping_status":"closed","template":"","meta":{"footnotes":""},"class_list":["post-35","page","type-page","status-publish","hentry"],"_links":{"self":[{"href":"https:\/\/migrationsbeirat-halle.com\/index.php?rest_route=\/wp\/v2\/pages\/35","targetHints":{"allow":["GET"]}}],"collection":[{"href":"https:\/\/migrationsbeirat-halle.com\/index.php?rest_route=\/wp\/v2\/pages"}],"about":[{"href":"https:\/\/migrationsbeirat-halle.com\/index.php?rest_route=\/wp\/v2\/types\/page"}],"author":[{"embeddable":true,"href":"https:\/\/migrationsbeirat-halle.com\/index.php?rest_route=\/wp\/v2\/users\/1"}],"replies":[{"embeddable":true,"href":"https:\/\/migrationsbeirat-halle.com\/index.php?rest_route=%2Fwp%2Fv2%2Fcomments&post=35"}],"version-history":[{"count":9,"href":"https:\/\/migrationsbeirat-halle.com\/index.php?rest_route=\/wp\/v2\/pages\/35\/revisions"}],"predecessor-version":[{"id":334,"href":"https:\/\/migrationsbeirat-halle.com\/index.php?rest_route=\/wp\/v2\/pages\/35\/revisions\/334"}],"wp:attachment":[{"href":"https:\/\/migrationsbeirat-halle.com\/index.php?rest_route=%2Fwp%2Fv2%2Fmedia&parent=35"}],"curies":[{"name":"wp","href":"https:\/\/api.w.org\/{rel}","templated":true}]}}