{"id":2,"date":"2024-08-20T12:16:23","date_gmt":"2024-08-20T10:16:23","guid":{"rendered":"https:\/\/audio.zaidan-cloud.net\/?page_id=2"},"modified":"2025-03-13T11:32:40","modified_gmt":"2025-03-13T10:32:40","slug":"startseite","status":"publish","type":"page","link":"https:\/\/migrationsbeirat-halle.com\/","title":{"rendered":"Startseite"},"content":{"rendered":"\n<p class=\"has-text-align-center\"><\/p>\n\n\n<div class=\"wp-block-image\">\n<figure class=\"aligncenter size-full is-resized\"><img loading=\"lazy\" decoding=\"async\" width=\"1486\" height=\"1200\" src=\"https:\/\/migrationsbeirat-halle.com\/wp-content\/uploads\/2025\/03\/8d6b826c-3a20-493c-9d51-da058dce3a99-1.jpeg\" alt=\"\" class=\"wp-image-288\" style=\"width:882px;height:auto\" srcset=\"https:\/\/migrationsbeirat-halle.com\/wp-content\/uploads\/2025\/03\/8d6b826c-3a20-493c-9d51-da058dce3a99-1.jpeg 1486w, https:\/\/migrationsbeirat-halle.com\/wp-content\/uploads\/2025\/03\/8d6b826c-3a20-493c-9d51-da058dce3a99-1-300x242.jpeg 300w, https:\/\/migrationsbeirat-halle.com\/wp-content\/uploads\/2025\/03\/8d6b826c-3a20-493c-9d51-da058dce3a99-1-1024x827.jpeg 1024w, https:\/\/migrationsbeirat-halle.com\/wp-content\/uploads\/2025\/03\/8d6b826c-3a20-493c-9d51-da058dce3a99-1-768x620.jpeg 768w\" sizes=\"auto, (max-width: 1486px) 100vw, 1486px\" \/><\/figure>\n<\/div>\n\n\n<p class=\"has-text-align-center\">Der Migrationsbeirat der Stadt Halle (Saale)<\/p>\n\n\n\n<p>&nbsp;<br><strong>Willkommen beim Migrationsbeirat der Stadt Halle (Saale)<\/strong><\/p>\n\n\n\n<p>Der Migrationsbeirat der Stadt Halle (Saale) vertritt die Interessen der Menschen mit Migrationshintergrund und setzt sich f\u00fcr deren rechtliche, wirtschaftliche und soziale Gleichstellung ein. Unser Ziel ist es, das Verst\u00e4ndnis f\u00fcr die Anliegen und Herausforderungen von Migrantinnen und Migranten zu f\u00f6rdern und ihnen eine Stimme in der Stadtpolitik zu geben.<\/p>\n\n\n\n<p>Wir bieten <strong>aktuelle Informationen<\/strong> zu den Themen <strong>Migration, Teilhabe und Integration<\/strong> und f\u00f6rdern das <strong>kulturelle und soziale Miteinander<\/strong> zwischen allen B\u00fcrgerinnen und B\u00fcrgern \u2013 unabh\u00e4ngig von ihrer Herkunft. Gegenseitiger Respekt und Wertsch\u00e4tzung stehen im Zentrum unserer Arbeit.<\/p>\n\n\n\n<p><strong>Unsere Aufgaben:<\/strong><\/p>\n\n\n\n<ul class=\"wp-block-list\">\n<li><strong>Vertretung der Interessen von Migrantinnen und Migranten<\/strong> in Gremien und Aussch\u00fcssen der Stadt Halle.<\/li>\n\n\n\n<li><strong>Unterst\u00fctzung im Umgang mit Beh\u00f6rden<\/strong>, um die Kommunikation und den Zugang zu Dienstleistungen zu erleichtern.<\/li>\n\n\n\n<li><strong>F\u00f6rderung der Integration<\/strong> durch kulturelle und gesellschaftliche Projekte in Zusammenarbeit mit lokalen Organisationen und Netzwerken.<\/li>\n<\/ul>\n\n\n\n<p><strong>Unsere Netzwerke und Zusammenarbeit<\/strong><br>Die Mitglieder des Migrationsbeirats arbeiten aktiv in verschiedenen wichtigen Netzwerken der Stadt Halle und des Landes Sachsen-Anhalt, wie dem <strong>Netzwerk f\u00fcr Integration und Migration der Stadt Halle<\/strong>. Durch unsere Vernetzung mit Beh\u00f6rden, Vereinen und Migrantenorganisationen setzen wir uns daf\u00fcr ein, dass die Bed\u00fcrfnisse der Migrantinnen und Migranten geh\u00f6rt und ber\u00fccksichtigt werden.<\/p>\n\n\n\n<p><strong>Unsere Mitglieder:<\/strong><\/p>\n\n\n\n<ul class=\"wp-block-list\">\n<li><strong>Waseem Aleed<\/strong> <strong>(Vorsitzender)<\/strong><\/li>\n\n\n\n<li><strong>Carlos Eduardo da Silva Almeida<\/strong> (<strong>Stellvertretender Vorsitzender<\/strong>)<\/li>\n\n\n\n<li><strong>Dr. Bettina Zargini<\/strong> <strong>(Stellvertretende Vorsitzende)<\/strong>(nicht im Bild)<\/li>\n\n\n\n<li><strong>Abukar Ismail Bashir<\/strong> <strong>(Schatzmeister)<\/strong><\/li>\n\n\n\n<li><strong>Dr. Tarek Ali<\/strong><\/li>\n\n\n\n<li><strong>Alina Khamitova<\/strong><\/li>\n\n\n\n<li><strong>Maryna Amstyslavska<\/strong><\/li>\n\n\n\n<li><strong>Alaa Alrefaie<\/strong><\/li>\n\n\n\n<li><strong>Tetiana \u00c2roslavivna Wagner<\/strong> <\/li>\n<\/ul>\n\n\n\n<p><strong>Ein herzliches Dankesch\u00f6n!<\/strong><br>Die Mitglieder des Migrationsbeirats bedanken sich bei allen Kooperationspartnerinnen und -partnern f\u00fcr die kontinuierliche und erfolgreiche Zusammenarbeit. Gemeinsam blicken wir motiviert auf die kommenden Herausforderungen und freuen uns auf die Chancen, die vor uns liegen.<\/p>\n\n\n\n<hr class=\"wp-block-separator has-alpha-channel-opacity\"\/>\n\n\n\n<p><\/p>\n\n\n\n<p><\/p>\n","protected":false},"excerpt":{"rendered":"<p>Der Migrationsbeirat der Stadt Halle (Saale) &nbsp;Willkommen beim Migrationsbeirat der Stadt Halle (Saale) Der Migrationsbeirat der Stadt Halle (Saale) vertritt die Interessen der Menschen mit Migrationshintergrund und setzt sich f\u00fcr deren rechtliche, wirtschaftliche und soziale Gleichstellung ein. Unser Ziel ist es, das Verst\u00e4ndnis f\u00fcr die Anliegen und Herausforderungen von Migrantinnen und Migranten zu f\u00f6rdern und [&hellip;]<\/p>\n","protected":false},"author":1,"featured_media":0,"parent":0,"menu_order":0,"comment_status":"closed","ping_status":"closed","template":"","meta":{"footnotes":""},"class_list":["post-2","page","type-page","status-publish","hentry"],"_links":{"self":[{"href":"https:\/\/migrationsbeirat-halle.com\/index.php?rest_route=\/wp\/v2\/pages\/2","targetHints":{"allow":["GET"]}}],"collection":[{"href":"https:\/\/migrationsbeirat-halle.com\/index.php?rest_route=\/wp\/v2\/pages"}],"about":[{"href":"https:\/\/migrationsbeirat-halle.com\/index.php?rest_route=\/wp\/v2\/types\/page"}],"author":[{"embeddable":true,"href":"https:\/\/migrationsbeirat-halle.com\/index.php?rest_route=\/wp\/v2\/users\/1"}],"replies":[{"embeddable":true,"href":"https:\/\/migrationsbeirat-halle.com\/index.php?rest_route=%2Fwp%2Fv2%2Fcomments&post=2"}],"version-history":[{"count":21,"href":"https:\/\/migrationsbeirat-halle.com\/index.php?rest_route=\/wp\/v2\/pages\/2\/revisions"}],"predecessor-version":[{"id":298,"href":"https:\/\/migrationsbeirat-halle.com\/index.php?rest_route=\/wp\/v2\/pages\/2\/revisions\/298"}],"wp:attachment":[{"href":"https:\/\/migrationsbeirat-halle.com\/index.php?rest_route=%2Fwp%2Fv2%2Fmedia&parent=2"}],"curies":[{"name":"wp","href":"https:\/\/api.w.org\/{rel}","templated":true}]}}