{"id":134,"date":"2024-08-22T11:13:39","date_gmt":"2024-08-22T09:13:39","guid":{"rendered":"https:\/\/audio.zaidan-cloud.net\/?page_id=134"},"modified":"2025-08-29T11:45:10","modified_gmt":"2025-08-29T09:45:10","slug":"aktueles","status":"publish","type":"page","link":"https:\/\/migrationsbeirat-halle.com\/?page_id=134","title":{"rendered":"Aktueles"},"content":{"rendered":"\n<p class=\"has-text-align-center\"><\/p>\n\n\n\n\n\n<h2 class=\"wp-block-heading\">Feier zum Unabh\u00e4ngigkeitstag der Ukraine und Er\u00f6ffnung des Zentrums Save Ukraine e.V. in Halle<\/h2>\n\n\n\n<figure class=\"wp-block-image size-large\"><img loading=\"lazy\" decoding=\"async\" width=\"1024\" height=\"768\" src=\"https:\/\/migrationsbeirat-halle.com\/wp-content\/uploads\/2025\/08\/WhatsApp-Image-2025-08-29-at-08.29.08-1024x768.jpeg\" alt=\"\" class=\"wp-image-322\" srcset=\"https:\/\/migrationsbeirat-halle.com\/wp-content\/uploads\/2025\/08\/WhatsApp-Image-2025-08-29-at-08.29.08-1024x768.jpeg 1024w, https:\/\/migrationsbeirat-halle.com\/wp-content\/uploads\/2025\/08\/WhatsApp-Image-2025-08-29-at-08.29.08-300x225.jpeg 300w, https:\/\/migrationsbeirat-halle.com\/wp-content\/uploads\/2025\/08\/WhatsApp-Image-2025-08-29-at-08.29.08-768x576.jpeg 768w, https:\/\/migrationsbeirat-halle.com\/wp-content\/uploads\/2025\/08\/WhatsApp-Image-2025-08-29-at-08.29.08-1536x1152.jpeg 1536w, https:\/\/migrationsbeirat-halle.com\/wp-content\/uploads\/2025\/08\/WhatsApp-Image-2025-08-29-at-08.29.08-2048x1536.jpeg 2048w\" sizes=\"auto, (max-width: 1024px) 100vw, 1024px\" \/><\/figure>\n\n\n\n<p><\/p>\n\n\n\n<p>Am 24. August feierte die ukrainische Gemeinschaft in Halle den 34. Jahrestag der Unabh\u00e4ngigkeit der Ukraine. In diesem Jahr hatte das Fest eine ganz besondere Bedeutung \u2013 die feierliche Er\u00f6ffnung des Zentrums Save Ukraine e.V., eines Ortes der Unterst\u00fctzung, der Einheit und der Integration f\u00fcr Ukrainerinnen und Ukrainer sowie f\u00fcr andere Migrantinnen und Migranten, die in Halle ihre neue Heimat finden.<\/p>\n\n\n\n<p>Auf Einladung der Organisatoren nahmen auch Vertreterinnen und Vertreter des Migrationsrates der Stadt Halle an der Veranstaltung teil. Wir gratulieren herzlich zur Er\u00f6ffnung des Zentrums, das zu einem wichtigen Begegnungs- und Unterst\u00fctzungsort f\u00fcr viele Menschen in unserer Stadt werden wird.<\/p>\n\n\n\n<p>Besonders hervorgehoben wurde das Projekt \u201ePsychologische Br\u00fccke\u201c \u2013 ein Projekt, das zur St\u00e4rkung der inneren Kr\u00e4fte beitr\u00e4gt, die seelische Gesundheit unterst\u00fctzt und den Prozess der Integration in die neue Gesellschaft erleichtert.<\/p>\n\n\n\n<p>Dieser Tag war ein Symbol der Einheit, der Dankbarkeit und der gemeinsamen Zukunft in unserer vielf\u00e4ltigen und multikulturellen Stadt Halle.<\/p>\n\n\n\n<h2 class=\"wp-block-heading has-text-align-center\">Wir trauern um Tom Wolter \u2013 Nachruf <br>des Migrationsbeirates Halle (Saale)<\/h2>\n\n\n\n<figure class=\"wp-block-image size-large\"><img loading=\"lazy\" decoding=\"async\" width=\"1024\" height=\"576\" src=\"https:\/\/migrationsbeirat-halle.com\/wp-content\/uploads\/2025\/04\/IMG-20220606-WA0044-1024x576.jpg\" alt=\"\" class=\"wp-image-302\" srcset=\"https:\/\/migrationsbeirat-halle.com\/wp-content\/uploads\/2025\/04\/IMG-20220606-WA0044-1024x576.jpg 1024w, https:\/\/migrationsbeirat-halle.com\/wp-content\/uploads\/2025\/04\/IMG-20220606-WA0044-300x169.jpg 300w, https:\/\/migrationsbeirat-halle.com\/wp-content\/uploads\/2025\/04\/IMG-20220606-WA0044-768x432.jpg 768w, https:\/\/migrationsbeirat-halle.com\/wp-content\/uploads\/2025\/04\/IMG-20220606-WA0044-1536x864.jpg 1536w, https:\/\/migrationsbeirat-halle.com\/wp-content\/uploads\/2025\/04\/IMG-20220606-WA0044.jpg 1920w\" sizes=\"auto, (max-width: 1024px) 100vw, 1024px\" \/><\/figure>\n\n\n\n<p><sup><sub>Bild source: <a href=\"https:\/\/dubisthalle.de\/trauer-in-der-stadtpolitik-von-halle-saale-nach-tod-von-stadtrat-tom-wolter\" data-type=\"link\" data-id=\"https:\/\/dubisthalle.de\/trauer-in-der-stadtpolitik-von-halle-saale-nach-tod-von-stadtrat-tom-wolter\">dubisthalle.de<\/a><\/sub><\/sup><\/p>\n\n\n\n<p>Mit gro\u00dfer Betroffenheit und tiefer Trauer hat der Migrationsbeirat der Stadt Halle (Saale) vom pl\u00f6tzlichen Tod Tom Wolters erfahren.<\/p>\n\n\n\n<p>Tom Wolter war eine herausragende Pers\u00f6nlichkeit \u2013 gepr\u00e4gt von Haltung, Mitgef\u00fchl und einer unersch\u00fctterlichen \u00dcberzeugung f\u00fcr Gerechtigkeit, Teilhabe und kulturelle Vielfalt. Als K\u00fcnstler, Kommunalpolitiker und engagierter B\u00fcrger hat er unserer Stadt bedeutende Impulse gegeben \u2013 R\u00e4ume geschaffen f\u00fcr Begegnung, Dialog und Verst\u00e4ndigung.<\/p>\n\n\n\n<p>Sein langj\u00e4hriges Wirken im Stadtrat und sein leidenschaftliches Engagement im WUK Theater Quartier waren Ausdruck seines tiefen Wunsches, Halle menschlicher, gerechter und offener zu gestalten. F\u00fcr Tom Wolter war Vielfalt keine Floskel, sondern gelebte \u00dcberzeugung. Er wusste: Demokratie lebt vom Respekt vor Unterschiedlichkeit und davon, jede Stimme ernst zu nehmen.<\/p>\n\n\n\n<p>Insbesondere gegen\u00fcber Menschen mit Migrationsgeschichte war Tom Wolter ein aufmerksamer, verl\u00e4sslicher und solidarischer Partner. Mit seinem klaren Eintreten f\u00fcr eine inklusive Stadtgesellschaft war er ein aktiver Unterst\u00fctzer der Migrant*innen und der Migrationsarbeit in Halle (Saale) \u2013 sowohl politisch als auch zivilgesellschaftlich.<\/p>\n\n\n\n<p>Mit seinem Tod verliert unsere Stadt eine wichtige Stimme der Menschlichkeit, der Kultur und des gesellschaftlichen Zusammenhalts. Seine Energie, sein Mut und seine W\u00e4rme werden uns als Migrationsbeirat \u2013 aber auch pers\u00f6nlich \u2013 fehlen.<\/p>\n\n\n\n<p>Unser tief empfundenes Mitgef\u00fchl gilt seiner Familie, seinen Freundinnen und Freunden sowie allen, die ihm nahestanden.<\/p>\n\n\n\n<p>Im Namen des Migrationsbeirates der Stadt Halle (Saale)<br><br>Waseem Aleed<br>Vorsitzende des Migrationsbeirats der Stadt Halle (Saale)<\/p>\n\n\n\n<hr class=\"wp-block-separator has-alpha-channel-opacity\"\/>\n\n\n\n<figure class=\"wp-block-image size-large\"><img loading=\"lazy\" decoding=\"async\" width=\"1024\" height=\"827\" src=\"https:\/\/migrationsbeirat-halle.com\/wp-content\/uploads\/2025\/03\/8d6b826c-3a20-493c-9d51-da058dce3a99-1024x827.jpeg\" alt=\"\" class=\"wp-image-286\" srcset=\"https:\/\/migrationsbeirat-halle.com\/wp-content\/uploads\/2025\/03\/8d6b826c-3a20-493c-9d51-da058dce3a99-1024x827.jpeg 1024w, https:\/\/migrationsbeirat-halle.com\/wp-content\/uploads\/2025\/03\/8d6b826c-3a20-493c-9d51-da058dce3a99-300x242.jpeg 300w, https:\/\/migrationsbeirat-halle.com\/wp-content\/uploads\/2025\/03\/8d6b826c-3a20-493c-9d51-da058dce3a99-768x620.jpeg 768w, https:\/\/migrationsbeirat-halle.com\/wp-content\/uploads\/2025\/03\/8d6b826c-3a20-493c-9d51-da058dce3a99.jpeg 1486w\" sizes=\"auto, (max-width: 1024px) 100vw, 1024px\" \/><\/figure>\n\n\n\n<p>Konstituierende Sitzung des Migrationsbeirats Halle (Saale) \u2013 Neuer Vorstand gew\u00e4hlt und enge Zusammenarbeit mit der Stadtverwaltung best\u00e4tigt<\/p>\n\n\n\n<p>Am 17. Februar 2025 hat sich der neu gew\u00e4hlte Migrationsbeirat der Stadt Halle (Saale) offiziell konstituiert. Die Sitzung fand auf Einladung des Oberb\u00fcrgermeisters statt und wurde in Anwesenheit des amtierenden B\u00fcrgermeisters Egbert Geier abgehalten.<\/p>\n\n\n\n<p>Ein zentraler Punkt der Sitzung war der Austausch zur Zusammenarbeit zwischen dem Migrationsbeirat und der Stadtverwaltung. Dabei wurde bekr\u00e4ftigt, dass der Migrationsbeirat jederzeit einen direkten Zugang zur Verwaltung hat und in den regelm\u00e4\u00dfigen Austausch mit dem Oberb\u00fcrgermeister, seinen Stellvertretern sowie weiteren Vertreterinnen und Vertretern der Stadtverwaltung treten kann. Dies gew\u00e4hrleistet eine enge und effektive Zusammenarbeit, um die Interessen der migrantischen Bev\u00f6lkerung bestm\u00f6glich zu vertreten.<\/p>\n\n\n\n<p>Ein weiterer wichtiger Bestandteil der Sitzung war die Wahl des neuen Vorstands. Die Mitglieder des Migrationsbeirats haben sich auf folgende Besetzung verst\u00e4ndigt:<br>\u2022 Vorsitzender: Waseem Aleed<br>\u2022 Stellvertretender Vorsitzender: Carlos Eduardo da Silva Almeida<br>\u2022 Stellvertretende Vorsitzende: Dr. Bettina Zargini<br>\u2022 Schatzmeister: Abukar Ismail Bashir<\/p>\n\n\n\n<p>Zus\u00e4tzlich zu den Vorstandsmitgliedern setzt sich der Migrationsbeirat Halle (Saale) aus den folgenden gew\u00e4hlten Mitgliedern zusammen:<br>\u2022 Alina Khamitova<br>\u2022 Maryna Amstyslavska<br>\u2022 Tetiana \u00c2roslavivna Wagner<br>\u2022 Alaa Alrefaie<br>\u2022 Dr. Tarek Mohamed Ali<\/p>\n\n\n\n<p>Der neu gew\u00e4hlte Migrationsbeirat wird sich mit voller Kraft f\u00fcr die Belange der migrantischen Community in Halle (Saale) einsetzen. Schwerpunkte der kommenden Amtszeit sind die Weiterentwicklung der Zusammenarbeit mit der Stadtverwaltung, die St\u00e4rkung der politischen Teilhabe von Migrantinnen und Migranten sowie die F\u00f6rderung interkultureller Projekte und Initiativen.<\/p>\n\n\n\n<p>Der Migrationsbeirat bedankt sich bei allen W\u00e4hlerinnen und W\u00e4hlern f\u00fcr ihr Vertrauen und freut sich auf eine produktive und konstruktive Amtszeit.<\/p>\n","protected":false},"excerpt":{"rendered":"<p>Feier zum Unabh\u00e4ngigkeitstag der Ukraine und Er\u00f6ffnung des Zentrums Save Ukraine e.V. in Halle Am 24. August feierte die ukrainische Gemeinschaft in Halle den 34. Jahrestag der Unabh\u00e4ngigkeit der Ukraine. In diesem Jahr hatte das Fest eine ganz besondere Bedeutung \u2013 die feierliche Er\u00f6ffnung des Zentrums Save Ukraine e.V., eines Ortes der Unterst\u00fctzung, der Einheit [&hellip;]<\/p>\n","protected":false},"author":1,"featured_media":0,"parent":0,"menu_order":0,"comment_status":"closed","ping_status":"closed","template":"","meta":{"footnotes":""},"class_list":["post-134","page","type-page","status-publish","hentry"],"_links":{"self":[{"href":"https:\/\/migrationsbeirat-halle.com\/index.php?rest_route=\/wp\/v2\/pages\/134","targetHints":{"allow":["GET"]}}],"collection":[{"href":"https:\/\/migrationsbeirat-halle.com\/index.php?rest_route=\/wp\/v2\/pages"}],"about":[{"href":"https:\/\/migrationsbeirat-halle.com\/index.php?rest_route=\/wp\/v2\/types\/page"}],"author":[{"embeddable":true,"href":"https:\/\/migrationsbeirat-halle.com\/index.php?rest_route=\/wp\/v2\/users\/1"}],"replies":[{"embeddable":true,"href":"https:\/\/migrationsbeirat-halle.com\/index.php?rest_route=%2Fwp%2Fv2%2Fcomments&post=134"}],"version-history":[{"count":18,"href":"https:\/\/migrationsbeirat-halle.com\/index.php?rest_route=\/wp\/v2\/pages\/134\/revisions"}],"predecessor-version":[{"id":328,"href":"https:\/\/migrationsbeirat-halle.com\/index.php?rest_route=\/wp\/v2\/pages\/134\/revisions\/328"}],"wp:attachment":[{"href":"https:\/\/migrationsbeirat-halle.com\/index.php?rest_route=%2Fwp%2Fv2%2Fmedia&parent=134"}],"curies":[{"name":"wp","href":"https:\/\/api.w.org\/{rel}","templated":true}]}}